{"id":19925,"date":"2025-12-09T15:23:05","date_gmt":"2025-12-09T14:23:05","guid":{"rendered":"https:\/\/motionlab.berlin\/tour-unterseite\/"},"modified":"2025-12-20T12:44:43","modified_gmt":"2025-12-20T11:44:43","slug":"tour-unterseite","status":"publish","type":"page","link":"https:\/\/motionlab.berlin\/de\/tour-unterseite\/","title":{"rendered":"Tour Unterseite"},"content":{"rendered":"\t\t<div data-elementor-type=\"wp-page\" data-elementor-id=\"19925\" class=\"elementor elementor-19925 elementor-19852\" data-elementor-post-type=\"page\">\n\t\t\t\t\t\t<section data-particle_enable=\"false\" data-particle-mobile-disabled=\"false\" class=\"elementor-section elementor-top-section elementor-element elementor-element-002c0ec elementor-section-boxed elementor-section-height-default elementor-section-height-default\" data-id=\"002c0ec\" data-element_type=\"section\" data-e-type=\"section\">\n\t\t\t\t\t\t<div class=\"elementor-container elementor-column-gap-default\">\n\t\t\t\t\t<div class=\"elementor-column elementor-col-50 elementor-top-column elementor-element elementor-element-175d911\" data-id=\"175d911\" data-element_type=\"column\" data-e-type=\"column\">\n\t\t\t<div class=\"elementor-widget-wrap elementor-element-populated\">\n\t\t\t\t\t\t<div class=\"elementor-element elementor-element-2cb0704 elementor-widget elementor-widget-heading\" data-id=\"2cb0704\" data-element_type=\"widget\" data-e-type=\"widget\" data-widget_type=\"heading.default\">\n\t\t\t\t<div class=\"elementor-widget-container\">\n\t\t\t\t\t<h2 class=\"elementor-heading-title elementor-size-default\">MotionLab.Berlin <br>Innovationstouren <br> (f\u00fcr Gruppen)<\/h2>\t\t\t\t<\/div>\n\t\t\t\t<\/div>\n\t\t\t\t<div class=\"elementor-element elementor-element-1e5b46a elementor-widget elementor-widget-text-editor\" data-id=\"1e5b46a\" data-element_type=\"widget\" data-e-type=\"widget\" data-widget_type=\"text-editor.default\">\n\t\t\t\t<div class=\"elementor-widget-container\">\n\t\t\t\t\t\t\t\t\t<p>Ganz gleich, ob Sie und Ihre Gruppe von einer Universit\u00e4t, einem KMU, einem Unternehmen, einer Hochschule, einem Institut oder einem Startup kommen &#8211; wir bieten individuelle Touren und Startup-Safaris durch unseren Hardtech Innovation Hub und Makerspace Berlin f\u00fcr jeden! Erhalte individuelle und exklusive Einblicke in unseren Startup Campus, Open Innovation, Prototyping und vieles mehr.<\/p>\t\t\t\t\t\t\t\t<\/div>\n\t\t\t\t<\/div>\n\t\t\t\t<div class=\"elementor-element elementor-element-11bf785 elementor-align-center elementor-widget elementor-widget-button\" data-id=\"11bf785\" data-element_type=\"widget\" data-e-type=\"widget\" data-widget_type=\"button.default\">\n\t\t\t\t<div class=\"elementor-widget-container\">\n\t\t\t\t\t\t\t\t\t<div class=\"elementor-button-wrapper\">\n\t\t\t\t\t<a class=\"elementor-button elementor-button-link elementor-size-sm elementor-animation-grow\" href=\"https:\/\/form.asana.com\/?k=rAw_yip6q2BkdOP-cKFpxw&#038;d=1179694111891408\">\n\t\t\t\t\t\t<span class=\"elementor-button-content-wrapper\">\n\t\t\t\t\t\t\t\t\t<span class=\"elementor-button-text\">BUCHTOUR &amp; MEHR ERFAHREN<\/span>\n\t\t\t\t\t<\/span>\n\t\t\t\t\t<\/a>\n\t\t\t\t<\/div>\n\t\t\t\t\t\t\t\t<\/div>\n\t\t\t\t<\/div>\n\t\t\t\t\t<\/div>\n\t\t<\/div>\n\t\t\t\t<div class=\"elementor-column elementor-col-50 elementor-top-column elementor-element elementor-element-7f2d65d\" data-id=\"7f2d65d\" data-element_type=\"column\" data-e-type=\"column\">\n\t\t\t<div class=\"elementor-widget-wrap elementor-element-populated\">\n\t\t\t\t\t\t<div class=\"elementor-element elementor-element-1d6aecb elementor-widget elementor-widget-heading\" data-id=\"1d6aecb\" data-element_type=\"widget\" data-e-type=\"widget\" data-widget_type=\"heading.default\">\n\t\t\t\t<div class=\"elementor-widget-container\">\n\t\t\t\t\t<h2 class=\"elementor-heading-title elementor-size-default\">MotionLab.Berlin <br>Mitgliederf\u00fchrung und Einf\u00fchrung <br>(f\u00fcr Einzelpersonen)<\/h2>\t\t\t\t<\/div>\n\t\t\t\t<\/div>\n\t\t\t\t<div class=\"elementor-element elementor-element-d875f10 elementor-widget elementor-widget-text-editor\" data-id=\"d875f10\" data-element_type=\"widget\" data-e-type=\"widget\" data-widget_type=\"text-editor.default\">\n\t\t\t\t<div class=\"elementor-widget-container\">\n\t\t\t\t\t\t\t\t\t<p data-start=\"63\" data-end=\"287\">Sie erhalten eine kostenlose Tour durch das MotionLab.Berlin, bei der wir Sie \u00fcber unsere verschiedenen Mitgliedschaftsoptionen informieren und alle Fragen beantworten, die Sie zu unserer Community haben und was es bedeutet, Mitglied des MotionLab.Berlin zu sein. Wir zeigen Ihnen auch unsere Maschinenbereiche, Besprechungsr\u00e4ume und sprechen vielleicht mit einigen Startups. <\/p>\t\t\t\t\t\t\t\t<\/div>\n\t\t\t\t<\/div>\n\t\t\t\t<div class=\"elementor-element elementor-element-4ceff8a elementor-align-center elementor-widget elementor-widget-button\" data-id=\"4ceff8a\" data-element_type=\"widget\" data-e-type=\"widget\" data-widget_type=\"button.default\">\n\t\t\t\t<div class=\"elementor-widget-container\">\n\t\t\t\t\t\t\t\t\t<div class=\"elementor-button-wrapper\">\n\t\t\t\t\t<a class=\"elementor-button elementor-button-link elementor-size-sm elementor-animation-grow\" href=\"https:\/\/calendly.com\/motionlabberlin\/personal-tour\">\n\t\t\t\t\t\t<span class=\"elementor-button-content-wrapper\">\n\t\t\t\t\t\t\t\t\t<span class=\"elementor-button-text\">KOSTENLOSE TOUR BUCHEN<\/span>\n\t\t\t\t\t<\/span>\n\t\t\t\t\t<\/a>\n\t\t\t\t<\/div>\n\t\t\t\t\t\t\t\t<\/div>\n\t\t\t\t<\/div>\n\t\t\t\t\t<\/div>\n\t\t<\/div>\n\t\t\t\t\t<\/div>\n\t\t<\/section>\n\t\t\t\t<section data-particle_enable=\"false\" data-particle-mobile-disabled=\"false\" class=\"elementor-section elementor-top-section elementor-element elementor-element-afc7c92 newsletter elementor-section-boxed elementor-section-height-default elementor-section-height-default\" data-id=\"afc7c92\" data-element_type=\"section\" data-e-type=\"section\" data-settings=\"{&quot;background_background&quot;:&quot;classic&quot;}\">\n\t\t\t\t\t\t<div class=\"elementor-container elementor-column-gap-default\">\n\t\t\t\t\t<div class=\"elementor-column elementor-col-100 elementor-top-column elementor-element elementor-element-bd0328b\" data-id=\"bd0328b\" data-element_type=\"column\" data-e-type=\"column\">\n\t\t\t<div class=\"elementor-widget-wrap elementor-element-populated\">\n\t\t\t\t\t\t<div class=\"elementor-element elementor-element-703044c elementor-widget elementor-widget-heading\" data-id=\"703044c\" data-element_type=\"widget\" data-e-type=\"widget\" data-widget_type=\"heading.default\">\n\t\t\t\t<div class=\"elementor-widget-container\">\n\t\t\t\t\t<h2 class=\"elementor-heading-title elementor-size-default\">BLEIB AUF DEM LAUFENDEN<\/h2>\t\t\t\t<\/div>\n\t\t\t\t<\/div>\n\t\t\t\t<div class=\"elementor-element elementor-element-3be803e elementor-widget elementor-widget-heading\" data-id=\"3be803e\" data-element_type=\"widget\" data-e-type=\"widget\" data-widget_type=\"heading.default\">\n\t\t\t\t<div class=\"elementor-widget-container\">\n\t\t\t\t\t<h2 class=\"elementor-heading-title elementor-size-default\">NEWSLETTER<\/h2>\t\t\t\t<\/div>\n\t\t\t\t<\/div>\n\t\t\t\t<div class=\"elementor-element elementor-element-c12c351 elementor-button-align-stretch elementor-widget elementor-widget-global elementor-global-4786 elementor-widget-form\" data-id=\"c12c351\" data-element_type=\"widget\" data-e-type=\"widget\" data-settings=\"{&quot;step_next_label&quot;:&quot;N\\u00e4chster&quot;,&quot;step_previous_label&quot;:&quot;Voriger&quot;,&quot;button_width&quot;:&quot;100&quot;,&quot;step_type&quot;:&quot;number_text&quot;,&quot;step_icon_shape&quot;:&quot;circle&quot;}\" data-widget_type=\"form.default\">\n\t\t\t\t<div class=\"elementor-widget-container\">\n\t\t\t\t\t\t\t<form class=\"elementor-form\" method=\"post\" name=\"Newsletter Sign Up\" aria-label=\"Newsletter Sign Up\">\n\t\t\t<input type=\"hidden\" name=\"post_id\" value=\"19925\"\/>\n\t\t\t<input type=\"hidden\" name=\"form_id\" value=\"c12c351\"\/>\n\t\t\t<input type=\"hidden\" name=\"referer_title\" value=\"MotionLab.Berlin\" \/>\n\n\t\t\t\n\t\t\t<div class=\"elementor-form-fields-wrapper elementor-labels-\">\n\t\t\t\t\t\t\t\t<div class=\"elementor-field-type-email elementor-field-group elementor-column elementor-field-group-email elementor-col-100 elementor-field-required\">\n\t\t\t\t\t\t\t\t\t\t\t\t<label for=\"form-field-email\" class=\"elementor-field-label elementor-screen-only\">\n\t\t\t\t\t\t\t\tE-Mail\t\t\t\t\t\t\t<\/label>\n\t\t\t\t\t\t\t\t\t\t\t\t\t\t<input size=\"1\" type=\"email\" name=\"form_fields[email]\" id=\"form-field-email\" class=\"elementor-field elementor-size-sm  elementor-field-textual\" placeholder=\"E-Mail\" required=\"required\">\n\t\t\t\t\t\t\t\t\t\t\t<\/div>\n\t\t\t\t\t\t\t\t<div class=\"elementor-field-group elementor-column elementor-field-type-submit elementor-col-100 e-form__buttons\">\n\t\t\t\t\t<button class=\"elementor-button elementor-size-sm\" type=\"submit\">\n\t\t\t\t\t\t<span class=\"elementor-button-content-wrapper\">\n\t\t\t\t\t\t\t\t\t\t\t\t\t\t\t\t\t\t\t\t\t\t<span class=\"elementor-button-text\">SUBSCRIBE<\/span>\n\t\t\t\t\t\t\t\t\t\t\t\t\t<\/span>\n\t\t\t\t\t<\/button>\n\t\t\t\t<\/div>\n\t\t\t<\/div>\n\t\t<\/form>\n\t\t\t\t\t\t<\/div>\n\t\t\t\t<\/div>\n\t\t\t\t<div class=\"elementor-element elementor-element-58c3794 elementor-shape-circle elementor-grid-0 e-grid-align-center elementor-widget elementor-widget-social-icons\" data-id=\"58c3794\" data-element_type=\"widget\" data-e-type=\"widget\" data-widget_type=\"social-icons.default\">\n\t\t\t\t<div class=\"elementor-widget-container\">\n\t\t\t\t\t\t\t<div class=\"elementor-social-icons-wrapper elementor-grid\" role=\"list\">\n\t\t\t\t\t\t\t<span class=\"elementor-grid-item\" role=\"listitem\">\n\t\t\t\t\t<a class=\"elementor-icon elementor-social-icon elementor-social-icon-linkedin elementor-animation-grow elementor-repeater-item-a8b3448\" href=\"https:\/\/www.linkedin.com\/company\/motionlab-berlin\/\" target=\"_blank\">\n\t\t\t\t\t\t<span class=\"elementor-screen-only\">Linkedin<\/span>\n\t\t\t\t\t\t<i aria-hidden=\"true\" class=\"fab fa-linkedin\"><\/i>\t\t\t\t\t<\/a>\n\t\t\t\t<\/span>\n\t\t\t\t\t\t\t<span class=\"elementor-grid-item\" role=\"listitem\">\n\t\t\t\t\t<a class=\"elementor-icon elementor-social-icon elementor-social-icon-instagram elementor-animation-grow elementor-repeater-item-d181b17\" href=\"https:\/\/www.instagram.com\/motionlabberlin\/\" target=\"_blank\">\n\t\t\t\t\t\t<span class=\"elementor-screen-only\">Instagram<\/span>\n\t\t\t\t\t\t<i aria-hidden=\"true\" class=\"fab fa-instagram\"><\/i>\t\t\t\t\t<\/a>\n\t\t\t\t<\/span>\n\t\t\t\t\t\t\t<span class=\"elementor-grid-item\" role=\"listitem\">\n\t\t\t\t\t<a class=\"elementor-icon elementor-social-icon elementor-social-icon-facebook elementor-animation-grow elementor-repeater-item-6064cad\" href=\"https:\/\/www.facebook.com\/motionlabberlin\/\" target=\"_blank\">\n\t\t\t\t\t\t<span class=\"elementor-screen-only\">Facebook<\/span>\n\t\t\t\t\t\t<i aria-hidden=\"true\" class=\"fab fa-facebook\"><\/i>\t\t\t\t\t<\/a>\n\t\t\t\t<\/span>\n\t\t\t\t\t\t\t<span class=\"elementor-grid-item\" role=\"listitem\">\n\t\t\t\t\t<a class=\"elementor-icon elementor-social-icon elementor-social-icon-youtube elementor-animation-grow elementor-repeater-item-5c9eedc\" href=\"https:\/\/www.youtube.com\/channel\/UCC9mbaIhqwy0HYb5Lvxd7Qg\" target=\"_blank\">\n\t\t\t\t\t\t<span class=\"elementor-screen-only\">Youtube<\/span>\n\t\t\t\t\t\t<i aria-hidden=\"true\" class=\"fab fa-youtube\"><\/i>\t\t\t\t\t<\/a>\n\t\t\t\t<\/span>\n\t\t\t\t\t\t\t<span class=\"elementor-grid-item\" role=\"listitem\">\n\t\t\t\t\t<a class=\"elementor-icon elementor-social-icon elementor-social-icon-meetup elementor-animation-grow elementor-repeater-item-855687a\" href=\"https:\/\/www.meetup.com\/de-DE\/motionlab\/\" target=\"_blank\">\n\t\t\t\t\t\t<span class=\"elementor-screen-only\">Meetup<\/span>\n\t\t\t\t\t\t<i aria-hidden=\"true\" class=\"fab fa-meetup\"><\/i>\t\t\t\t\t<\/a>\n\t\t\t\t<\/span>\n\t\t\t\t\t<\/div>\n\t\t\t\t\t\t<\/div>\n\t\t\t\t<\/div>\n\t\t\t\t\t<\/div>\n\t\t<\/div>\n\t\t\t\t\t<\/div>\n\t\t<\/section>\n\t\t\t\t<\/div>\n\t\t","protected":false},"excerpt":{"rendered":"<p>MotionLab.Berlin Innovationstouren (f\u00fcr Gruppen) Ganz gleich, ob Sie und Ihre Gruppe von einer Universit\u00e4t, einem KMU, einem Unternehmen, einer Hochschule, einem Institut oder einem Startup kommen &#8211; wir bieten individuelle Touren und Startup-Safaris durch unseren Hardtech Innovation Hub und Makerspace Berlin f\u00fcr jeden! Erhalte individuelle und exklusive Einblicke in unseren Startup Campus, Open Innovation, Prototyping [&hellip;]<\/p>\n","protected":false},"author":20,"featured_media":0,"parent":0,"menu_order":0,"comment_status":"closed","ping_status":"closed","template":"elementor_header_footer","meta":{"ocean_post_layout":"","ocean_both_sidebars_style":"","ocean_both_sidebars_content_width":0,"ocean_both_sidebars_sidebars_width":0,"ocean_sidebar":"0","ocean_second_sidebar":"0","ocean_disable_margins":"enable","ocean_add_body_class":"","ocean_shortcode_before_top_bar":"","ocean_shortcode_after_top_bar":"","ocean_shortcode_before_header":"","ocean_shortcode_after_header":"","ocean_has_shortcode":"","ocean_shortcode_after_title":"","ocean_shortcode_before_footer_widgets":"","ocean_shortcode_after_footer_widgets":"","ocean_shortcode_before_footer_bottom":"","ocean_shortcode_after_footer_bottom":"","ocean_display_top_bar":"off","ocean_display_header":"on","ocean_header_style":"top","ocean_center_header_left_menu":"0","ocean_custom_header_template":"0","ocean_custom_logo":0,"ocean_custom_retina_logo":0,"ocean_custom_logo_max_width":0,"ocean_custom_logo_tablet_max_width":0,"ocean_custom_logo_mobile_max_width":0,"ocean_custom_logo_max_height":0,"ocean_custom_logo_tablet_max_height":0,"ocean_custom_logo_mobile_max_height":0,"ocean_header_custom_menu":"0","ocean_menu_typo_font_family":"0","ocean_menu_typo_font_subset":"","ocean_menu_typo_font_size":0,"ocean_menu_typo_font_size_tablet":0,"ocean_menu_typo_font_size_mobile":0,"ocean_menu_typo_font_size_unit":"px","ocean_menu_typo_font_weight":"","ocean_menu_typo_font_weight_tablet":"","ocean_menu_typo_font_weight_mobile":"","ocean_menu_typo_transform":"","ocean_menu_typo_transform_tablet":"","ocean_menu_typo_transform_mobile":"","ocean_menu_typo_line_height":0,"ocean_menu_typo_line_height_tablet":0,"ocean_menu_typo_line_height_mobile":0,"ocean_menu_typo_line_height_unit":"","ocean_menu_typo_spacing":0,"ocean_menu_typo_spacing_tablet":0,"ocean_menu_typo_spacing_mobile":0,"ocean_menu_typo_spacing_unit":"","ocean_menu_link_color":"","ocean_menu_link_color_hover":"","ocean_menu_link_color_active":"","ocean_menu_link_background":"","ocean_menu_link_hover_background":"","ocean_menu_link_active_background":"","ocean_menu_social_links_bg":"","ocean_menu_social_hover_links_bg":"","ocean_menu_social_links_color":"","ocean_menu_social_hover_links_color":"","ocean_disable_title":"on","ocean_disable_heading":"default","ocean_post_title":"","ocean_post_subheading":"","ocean_post_title_style":"","ocean_post_title_background_color":"","ocean_post_title_background":0,"ocean_post_title_bg_image_position":"","ocean_post_title_bg_image_attachment":"","ocean_post_title_bg_image_repeat":"","ocean_post_title_bg_image_size":"","ocean_post_title_height":0,"ocean_post_title_bg_overlay":0.5,"ocean_post_title_bg_overlay_color":"","ocean_disable_breadcrumbs":"default","ocean_breadcrumbs_color":"","ocean_breadcrumbs_separator_color":"","ocean_breadcrumbs_links_color":"","ocean_breadcrumbs_links_hover_color":"","ocean_display_footer_widgets":"off","ocean_display_footer_bottom":"off","ocean_custom_footer_template":"0","footnotes":""},"class_list":["post-19925","page","type-page","status-publish","hentry","entry"],"yoast_head":"<!-- This site is optimized with the Yoast SEO Premium plugin v27.0 (Yoast SEO v27.4) - https:\/\/yoast.com\/product\/yoast-seo-premium-wordpress\/ -->\n<title>Deutschlands Innovationszentrum f\u00fcr Deep Tech | MotionLab.Berlin<\/title>\n<meta name=\"description\" content=\"MotionLab.Berlin ist das Innovationszentrum f\u00fcr Deep Tech Start-ups, Unternehmen und Investoren. Wir arbeiten zusammen, um neue Ideen umzusetzen. Mach mit!\" \/>\n<meta name=\"robots\" content=\"index, follow, max-snippet:-1, max-image-preview:large, max-video-preview:-1\" \/>\n<link rel=\"canonical\" href=\"https:\/\/motionlab.berlin\/de\/tour-unterseite\/\" \/>\n<meta property=\"og:locale\" content=\"de_DE\" \/>\n<meta property=\"og:type\" content=\"article\" \/>\n<meta property=\"og:title\" content=\"Werde Teil unserer Community und dem gr\u00f6\u00dften Deep Tech \u00d6kosystems\" \/>\n<meta property=\"og:description\" content=\"MotionLab.Berlin ist das Innovationszentrum f\u00fcr Deep Tech Start-ups, Unternehmen und Investoren. Wir arbeiten zusammen, um neue Ideen umzusetzen. Mach mit!\" \/>\n<meta property=\"og:url\" content=\"https:\/\/motionlab.berlin\/de\/tour-unterseite\/\" \/>\n<meta property=\"og:site_name\" content=\"MotionLab.Berlin\" \/>\n<meta property=\"article:modified_time\" content=\"2025-12-20T11:44:43+00:00\" \/>\n<meta name=\"twitter:card\" content=\"summary_large_image\" \/>\n<meta name=\"twitter:title\" content=\"Tour Unterseite\" \/>\n<meta name=\"twitter:label1\" content=\"Gesch\u00e4tzte Lesezeit\" \/>\n\t<meta name=\"twitter:data1\" content=\"1\u00a0Minute\" \/>\n<script type=\"application\/ld+json\" class=\"yoast-schema-graph\">{\"@context\":\"https:\\\/\\\/schema.org\",\"@graph\":[{\"@type\":\"WebPage\",\"@id\":\"https:\\\/\\\/motionlab.berlin\\\/de\\\/tour-unterseite\\\/\",\"url\":\"https:\\\/\\\/motionlab.berlin\\\/de\\\/tour-unterseite\\\/\",\"name\":\"Deutschlands Innovationszentrum f\u00fcr Deep Tech | MotionLab.Berlin\",\"isPartOf\":{\"@id\":\"https:\\\/\\\/motionlab.berlin\\\/de\\\/#website\"},\"datePublished\":\"2025-12-09T14:23:05+00:00\",\"dateModified\":\"2025-12-20T11:44:43+00:00\",\"description\":\"MotionLab.Berlin ist das Innovationszentrum f\u00fcr Deep Tech Start-ups, Unternehmen und Investoren. Wir arbeiten zusammen, um neue Ideen umzusetzen. Mach mit!\",\"breadcrumb\":{\"@id\":\"https:\\\/\\\/motionlab.berlin\\\/de\\\/tour-unterseite\\\/#breadcrumb\"},\"inLanguage\":\"de\",\"potentialAction\":[{\"@type\":\"ReadAction\",\"target\":[\"https:\\\/\\\/motionlab.berlin\\\/de\\\/tour-unterseite\\\/\"]}]},{\"@type\":\"BreadcrumbList\",\"@id\":\"https:\\\/\\\/motionlab.berlin\\\/de\\\/tour-unterseite\\\/#breadcrumb\",\"itemListElement\":[{\"@type\":\"ListItem\",\"position\":1,\"name\":\"Startseite\",\"item\":\"https:\\\/\\\/motionlab.berlin\\\/de\\\/\"},{\"@type\":\"ListItem\",\"position\":2,\"name\":\"Tour Unterseite\"}]},{\"@type\":\"WebSite\",\"@id\":\"https:\\\/\\\/motionlab.berlin\\\/de\\\/#website\",\"url\":\"https:\\\/\\\/motionlab.berlin\\\/de\\\/\",\"name\":\"MotionLab.Berlin\",\"description\":\"MotionlabBerlin\",\"publisher\":{\"@id\":\"https:\\\/\\\/motionlab.berlin\\\/de\\\/#organization\"},\"potentialAction\":[{\"@type\":\"SearchAction\",\"target\":{\"@type\":\"EntryPoint\",\"urlTemplate\":\"https:\\\/\\\/motionlab.berlin\\\/de\\\/?s={search_term_string}\"},\"query-input\":{\"@type\":\"PropertyValueSpecification\",\"valueRequired\":true,\"valueName\":\"search_term_string\"}}],\"inLanguage\":\"de\"},{\"@type\":\"Organization\",\"@id\":\"https:\\\/\\\/motionlab.berlin\\\/de\\\/#organization\",\"name\":\"MotionLab.Berlin\",\"url\":\"https:\\\/\\\/motionlab.berlin\\\/de\\\/\",\"logo\":{\"@type\":\"ImageObject\",\"inLanguage\":\"de\",\"@id\":\"https:\\\/\\\/motionlab.berlin\\\/de\\\/#\\\/schema\\\/logo\\\/image\\\/\",\"url\":\"https:\\\/\\\/motionlab.berlin\\\/wp-content\\\/uploads\\\/2022\\\/03\\\/MotionLab.Berlin_Primaerlogo_dunkler-Hintergr_RGB.png\",\"contentUrl\":\"https:\\\/\\\/motionlab.berlin\\\/wp-content\\\/uploads\\\/2022\\\/03\\\/MotionLab.Berlin_Primaerlogo_dunkler-Hintergr_RGB.png\",\"width\":1000,\"height\":341,\"caption\":\"MotionLab.Berlin\"},\"image\":{\"@id\":\"https:\\\/\\\/motionlab.berlin\\\/de\\\/#\\\/schema\\\/logo\\\/image\\\/\"}}]}<\/script>\n<!-- \/ Yoast SEO Premium plugin. -->","yoast_head_json":{"title":"Deutschlands Innovationszentrum f\u00fcr Deep Tech | MotionLab.Berlin","description":"MotionLab.Berlin ist das Innovationszentrum f\u00fcr Deep Tech Start-ups, Unternehmen und Investoren. Wir arbeiten zusammen, um neue Ideen umzusetzen. Mach mit!","robots":{"index":"index","follow":"follow","max-snippet":"max-snippet:-1","max-image-preview":"max-image-preview:large","max-video-preview":"max-video-preview:-1"},"canonical":"https:\/\/motionlab.berlin\/de\/tour-unterseite\/","og_locale":"de_DE","og_type":"article","og_title":"Werde Teil unserer Community und dem gr\u00f6\u00dften Deep Tech \u00d6kosystems","og_description":"MotionLab.Berlin ist das Innovationszentrum f\u00fcr Deep Tech Start-ups, Unternehmen und Investoren. Wir arbeiten zusammen, um neue Ideen umzusetzen. Mach mit!","og_url":"https:\/\/motionlab.berlin\/de\/tour-unterseite\/","og_site_name":"MotionLab.Berlin","article_modified_time":"2025-12-20T11:44:43+00:00","twitter_card":"summary_large_image","twitter_title":"Tour Unterseite","twitter_misc":{"Gesch\u00e4tzte Lesezeit":"1\u00a0Minute"},"schema":{"@context":"https:\/\/schema.org","@graph":[{"@type":"WebPage","@id":"https:\/\/motionlab.berlin\/de\/tour-unterseite\/","url":"https:\/\/motionlab.berlin\/de\/tour-unterseite\/","name":"Deutschlands Innovationszentrum f\u00fcr Deep Tech | MotionLab.Berlin","isPartOf":{"@id":"https:\/\/motionlab.berlin\/de\/#website"},"datePublished":"2025-12-09T14:23:05+00:00","dateModified":"2025-12-20T11:44:43+00:00","description":"MotionLab.Berlin ist das Innovationszentrum f\u00fcr Deep Tech Start-ups, Unternehmen und Investoren. Wir arbeiten zusammen, um neue Ideen umzusetzen. Mach mit!","breadcrumb":{"@id":"https:\/\/motionlab.berlin\/de\/tour-unterseite\/#breadcrumb"},"inLanguage":"de","potentialAction":[{"@type":"ReadAction","target":["https:\/\/motionlab.berlin\/de\/tour-unterseite\/"]}]},{"@type":"BreadcrumbList","@id":"https:\/\/motionlab.berlin\/de\/tour-unterseite\/#breadcrumb","itemListElement":[{"@type":"ListItem","position":1,"name":"Startseite","item":"https:\/\/motionlab.berlin\/de\/"},{"@type":"ListItem","position":2,"name":"Tour Unterseite"}]},{"@type":"WebSite","@id":"https:\/\/motionlab.berlin\/de\/#website","url":"https:\/\/motionlab.berlin\/de\/","name":"MotionLab.Berlin","description":"MotionlabBerlin","publisher":{"@id":"https:\/\/motionlab.berlin\/de\/#organization"},"potentialAction":[{"@type":"SearchAction","target":{"@type":"EntryPoint","urlTemplate":"https:\/\/motionlab.berlin\/de\/?s={search_term_string}"},"query-input":{"@type":"PropertyValueSpecification","valueRequired":true,"valueName":"search_term_string"}}],"inLanguage":"de"},{"@type":"Organization","@id":"https:\/\/motionlab.berlin\/de\/#organization","name":"MotionLab.Berlin","url":"https:\/\/motionlab.berlin\/de\/","logo":{"@type":"ImageObject","inLanguage":"de","@id":"https:\/\/motionlab.berlin\/de\/#\/schema\/logo\/image\/","url":"https:\/\/motionlab.berlin\/wp-content\/uploads\/2022\/03\/MotionLab.Berlin_Primaerlogo_dunkler-Hintergr_RGB.png","contentUrl":"https:\/\/motionlab.berlin\/wp-content\/uploads\/2022\/03\/MotionLab.Berlin_Primaerlogo_dunkler-Hintergr_RGB.png","width":1000,"height":341,"caption":"MotionLab.Berlin"},"image":{"@id":"https:\/\/motionlab.berlin\/de\/#\/schema\/logo\/image\/"}}]}},"_links":{"self":[{"href":"https:\/\/motionlab.berlin\/de\/wp-json\/wp\/v2\/pages\/19925","targetHints":{"allow":["GET"]}}],"collection":[{"href":"https:\/\/motionlab.berlin\/de\/wp-json\/wp\/v2\/pages"}],"about":[{"href":"https:\/\/motionlab.berlin\/de\/wp-json\/wp\/v2\/types\/page"}],"author":[{"embeddable":true,"href":"https:\/\/motionlab.berlin\/de\/wp-json\/wp\/v2\/users\/20"}],"replies":[{"embeddable":true,"href":"https:\/\/motionlab.berlin\/de\/wp-json\/wp\/v2\/comments?post=19925"}],"version-history":[{"count":0,"href":"https:\/\/motionlab.berlin\/de\/wp-json\/wp\/v2\/pages\/19925\/revisions"}],"wp:attachment":[{"href":"https:\/\/motionlab.berlin\/de\/wp-json\/wp\/v2\/media?parent=19925"}],"curies":[{"name":"wp","href":"https:\/\/api.w.org\/{rel}","templated":true}]}}